{"id":1116,"date":"2025-06-14T19:38:19","date_gmt":"2025-06-14T19:38:19","guid":{"rendered":"https:\/\/www.akguntesisat.tr\/?page_id=1116"},"modified":"2025-06-16T08:07:10","modified_gmt":"2025-06-16T08:07:10","slug":"galeri","status":"publish","type":"page","link":"https:\/\/www.akguntesisat.tr\/?page_id=1116","title":{"rendered":"Galeri"},"content":{"rendered":"\t\t<div data-elementor-type=\"wp-page\" data-elementor-id=\"1116\" class=\"elementor elementor-1116\">\n\t\t\t\t<div class=\"elementor-element elementor-element-926d035 e-flex e-con-boxed e-con e-parent\" data-id=\"926d035\" data-element_type=\"container\">\n\t\t\t\t\t<div class=\"e-con-inner\">\n\t\t\t\t<div class=\"elementor-element elementor-element-fa31302 elementor-widget elementor-widget-heading\" data-id=\"fa31302\" data-element_type=\"widget\" data-widget_type=\"heading.default\">\n\t\t\t\t<div class=\"elementor-widget-container\">\n\t\t\t\t\t<h2 class=\"elementor-heading-title elementor-size-default\">Yapt\u0131\u011f\u0131m\u0131z \u0130\u015flerden Baz\u0131 \u00d6rnekler<\/h2>\t\t\t\t<\/div>\n\t\t\t\t<\/div>\n\t\t\t\t\t<\/div>\n\t\t\t\t<\/div>\n\t\t<div class=\"elementor-element elementor-element-c1b81d3 e-grid e-con-boxed e-con e-parent\" data-id=\"c1b81d3\" data-element_type=\"container\">\n\t\t\t\t\t<div class=\"e-con-inner\">\n\t\t\t\t<div class=\"elementor-element elementor-element-d92afb2 elementor-widget elementor-widget-image\" data-id=\"d92afb2\" data-element_type=\"widget\" data-widget_type=\"image.default\">\n\t\t\t\t<div class=\"elementor-widget-container\">\n\t\t\t\t\t\t\t\t\t\t\t\t<figure class=\"wp-caption\">\n\t\t\t\t\t\t\t\t\t\t\t<a href=\"https:\/\/www.akguntesisat.tr\/wp-content\/uploads\/2025\/06\/WhatsApp-Gorsel-2025-05-22-saat-09.33.20_fcca2050.jpg\" data-elementor-open-lightbox=\"yes\" data-elementor-lightbox-title=\"Banyo Dolab\u0131\" data-e-action-hash=\"#elementor-action%3Aaction%3Dlightbox%26settings%3DeyJpZCI6MTEyNiwidXJsIjoiaHR0cHM6XC9cL3d3dy5ha2d1bnRlc2lzYXQudHJcL3dwLWNvbnRlbnRcL3VwbG9hZHNcLzIwMjVcLzA2XC9XaGF0c0FwcC1Hb3JzZWwtMjAyNS0wNS0yMi1zYWF0LTA5LjMzLjIwX2ZjY2EyMDUwLmpwZyJ9\">\n\t\t\t\t\t\t\t<img fetchpriority=\"high\" decoding=\"async\" width=\"1536\" height=\"2048\" src=\"https:\/\/www.akguntesisat.tr\/wp-content\/uploads\/2025\/06\/WhatsApp-Gorsel-2025-05-22-saat-09.33.20_fcca2050.jpg\" class=\"attachment-full size-full wp-image-1126\" alt=\"\" srcset=\"https:\/\/www.akguntesisat.tr\/wp-content\/uploads\/2025\/06\/WhatsApp-Gorsel-2025-05-22-saat-09.33.20_fcca2050.jpg 1536w, https:\/\/www.akguntesisat.tr\/wp-content\/uploads\/2025\/06\/WhatsApp-Gorsel-2025-05-22-saat-09.33.20_fcca2050-225x300.jpg 225w, https:\/\/www.akguntesisat.tr\/wp-content\/uploads\/2025\/06\/WhatsApp-Gorsel-2025-05-22-saat-09.33.20_fcca2050-768x1024.jpg 768w, https:\/\/www.akguntesisat.tr\/wp-content\/uploads\/2025\/06\/WhatsApp-Gorsel-2025-05-22-saat-09.33.20_fcca2050-1152x1536.jpg 1152w\" sizes=\"(max-width: 1536px) 100vw, 1536px\" \/>\t\t\t\t\t\t\t\t<\/a>\n\t\t\t\t\t\t\t\t\t\t\t<figcaption class=\"widget-image-caption wp-caption-text\"><\/figcaption>\n\t\t\t\t\t\t\t\t\t\t<\/figure>\n\t\t\t\t\t\t\t\t\t<\/div>\n\t\t\t\t<\/div>\n\t\t\t\t<div class=\"elementor-element elementor-element-87776bc elementor-widget elementor-widget-image\" data-id=\"87776bc\" data-element_type=\"widget\" data-widget_type=\"image.default\">\n\t\t\t\t<div class=\"elementor-widget-container\">\n\t\t\t\t\t\t\t\t\t\t\t\t\t\t\t\t<a href=\"https:\/\/www.akguntesisat.tr\/wp-content\/uploads\/2025\/06\/WhatsApp-Gorsel-2025-05-22-saat-09.33.22_750fcc74.jpg\" data-elementor-open-lightbox=\"yes\" data-elementor-lightbox-title=\"WhatsApp G\u00f6rsel 2025-05-22 saat 09.33.22_750fcc74\" data-e-action-hash=\"#elementor-action%3Aaction%3Dlightbox%26settings%3DeyJpZCI6MTEzMSwidXJsIjoiaHR0cHM6XC9cL3d3dy5ha2d1bnRlc2lzYXQudHJcL3dwLWNvbnRlbnRcL3VwbG9hZHNcLzIwMjVcLzA2XC9XaGF0c0FwcC1Hb3JzZWwtMjAyNS0wNS0yMi1zYWF0LTA5LjMzLjIyXzc1MGZjYzc0LmpwZyJ9\">\n\t\t\t\t\t\t\t<img decoding=\"async\" width=\"768\" height=\"1024\" src=\"https:\/\/www.akguntesisat.tr\/wp-content\/uploads\/2025\/06\/WhatsApp-Gorsel-2025-05-22-saat-09.33.22_750fcc74-768x1024.jpg\" class=\"attachment-large size-large wp-image-1131\" alt=\"\" srcset=\"https:\/\/www.akguntesisat.tr\/wp-content\/uploads\/2025\/06\/WhatsApp-Gorsel-2025-05-22-saat-09.33.22_750fcc74-768x1024.jpg 768w, https:\/\/www.akguntesisat.tr\/wp-content\/uploads\/2025\/06\/WhatsApp-Gorsel-2025-05-22-saat-09.33.22_750fcc74-225x300.jpg 225w, https:\/\/www.akguntesisat.tr\/wp-content\/uploads\/2025\/06\/WhatsApp-Gorsel-2025-05-22-saat-09.33.22_750fcc74-1152x1536.jpg 1152w, https:\/\/www.akguntesisat.tr\/wp-content\/uploads\/2025\/06\/WhatsApp-Gorsel-2025-05-22-saat-09.33.22_750fcc74.jpg 1536w\" sizes=\"(max-width: 768px) 100vw, 768px\" \/>\t\t\t\t\t\t\t\t<\/a>\n\t\t\t\t\t\t\t\t\t\t\t\t\t\t\t<\/div>\n\t\t\t\t<\/div>\n\t\t\t\t<div class=\"elementor-element elementor-element-1f48dc8 elementor-widget elementor-widget-image\" data-id=\"1f48dc8\" data-element_type=\"widget\" data-widget_type=\"image.default\">\n\t\t\t\t<div class=\"elementor-widget-container\">\n\t\t\t\t\t\t\t\t\t\t\t\t\t\t\t\t<a href=\"https:\/\/www.akguntesisat.tr\/wp-content\/uploads\/2025\/06\/WhatsApp-Gorsel-2025-05-22-saat-09.33.19_5c208e56.jpg\" data-elementor-open-lightbox=\"yes\" data-elementor-lightbox-title=\"WhatsApp G\u00f6rsel 2025-05-22 saat 09.33.19_5c208e56\" data-e-action-hash=\"#elementor-action%3Aaction%3Dlightbox%26settings%3DeyJpZCI6MTEyNCwidXJsIjoiaHR0cHM6XC9cL3d3dy5ha2d1bnRlc2lzYXQudHJcL3dwLWNvbnRlbnRcL3VwbG9hZHNcLzIwMjVcLzA2XC9XaGF0c0FwcC1Hb3JzZWwtMjAyNS0wNS0yMi1zYWF0LTA5LjMzLjE5XzVjMjA4ZTU2LmpwZyJ9\">\n\t\t\t\t\t\t\t<img decoding=\"async\" width=\"768\" height=\"1024\" src=\"https:\/\/www.akguntesisat.tr\/wp-content\/uploads\/2025\/06\/WhatsApp-Gorsel-2025-05-22-saat-09.33.19_5c208e56-768x1024.jpg\" class=\"attachment-large size-large wp-image-1124\" alt=\"\" srcset=\"https:\/\/www.akguntesisat.tr\/wp-content\/uploads\/2025\/06\/WhatsApp-Gorsel-2025-05-22-saat-09.33.19_5c208e56-768x1024.jpg 768w, https:\/\/www.akguntesisat.tr\/wp-content\/uploads\/2025\/06\/WhatsApp-Gorsel-2025-05-22-saat-09.33.19_5c208e56-225x300.jpg 225w, https:\/\/www.akguntesisat.tr\/wp-content\/uploads\/2025\/06\/WhatsApp-Gorsel-2025-05-22-saat-09.33.19_5c208e56-1152x1536.jpg 1152w, https:\/\/www.akguntesisat.tr\/wp-content\/uploads\/2025\/06\/WhatsApp-Gorsel-2025-05-22-saat-09.33.19_5c208e56.jpg 1536w\" sizes=\"(max-width: 768px) 100vw, 768px\" \/>\t\t\t\t\t\t\t\t<\/a>\n\t\t\t\t\t\t\t\t\t\t\t\t\t\t\t<\/div>\n\t\t\t\t<\/div>\n\t\t\t\t<div class=\"elementor-element elementor-element-6a7b75f elementor-widget elementor-widget-image\" data-id=\"6a7b75f\" data-element_type=\"widget\" data-widget_type=\"image.default\">\n\t\t\t\t<div class=\"elementor-widget-container\">\n\t\t\t\t\t\t\t\t\t\t\t\t\t\t\t\t<a href=\"https:\/\/www.akguntesisat.tr\/wp-content\/uploads\/2025\/06\/WhatsApp-Gorsel-2025-05-22-saat-09.33.21_174e44dc.jpg\" data-elementor-open-lightbox=\"yes\" data-elementor-lightbox-title=\"WhatsApp G\u00f6rsel 2025-05-22 saat 09.33.21_174e44dc\" data-e-action-hash=\"#elementor-action%3Aaction%3Dlightbox%26settings%3DeyJpZCI6MTEyNywidXJsIjoiaHR0cHM6XC9cL3d3dy5ha2d1bnRlc2lzYXQudHJcL3dwLWNvbnRlbnRcL3VwbG9hZHNcLzIwMjVcLzA2XC9XaGF0c0FwcC1Hb3JzZWwtMjAyNS0wNS0yMi1zYWF0LTA5LjMzLjIxXzE3NGU0NGRjLmpwZyJ9\">\n\t\t\t\t\t\t\t<img loading=\"lazy\" decoding=\"async\" width=\"768\" height=\"1024\" src=\"https:\/\/www.akguntesisat.tr\/wp-content\/uploads\/2025\/06\/WhatsApp-Gorsel-2025-05-22-saat-09.33.21_174e44dc-768x1024.jpg\" class=\"attachment-large size-large wp-image-1127\" alt=\"\" srcset=\"https:\/\/www.akguntesisat.tr\/wp-content\/uploads\/2025\/06\/WhatsApp-Gorsel-2025-05-22-saat-09.33.21_174e44dc-768x1024.jpg 768w, https:\/\/www.akguntesisat.tr\/wp-content\/uploads\/2025\/06\/WhatsApp-Gorsel-2025-05-22-saat-09.33.21_174e44dc-225x300.jpg 225w, https:\/\/www.akguntesisat.tr\/wp-content\/uploads\/2025\/06\/WhatsApp-Gorsel-2025-05-22-saat-09.33.21_174e44dc-1152x1536.jpg 1152w, https:\/\/www.akguntesisat.tr\/wp-content\/uploads\/2025\/06\/WhatsApp-Gorsel-2025-05-22-saat-09.33.21_174e44dc.jpg 1536w\" sizes=\"(max-width: 768px) 100vw, 768px\" \/>\t\t\t\t\t\t\t\t<\/a>\n\t\t\t\t\t\t\t\t\t\t\t\t\t\t\t<\/div>\n\t\t\t\t<\/div>\n\t\t\t\t<div class=\"elementor-element elementor-element-26c4c87 elementor-widget elementor-widget-image\" data-id=\"26c4c87\" data-element_type=\"widget\" data-widget_type=\"image.default\">\n\t\t\t\t<div class=\"elementor-widget-container\">\n\t\t\t\t\t\t\t\t\t\t\t\t\t\t\t\t<a href=\"https:\/\/www.akguntesisat.tr\/wp-content\/uploads\/2025\/06\/WhatsApp-Gorsel-2025-06-14-saat-22.44.25_8d559e42.jpg\" data-elementor-open-lightbox=\"yes\" data-elementor-lightbox-title=\"WhatsApp G\u00f6rsel 2025-06-14 saat 22.44.25_8d559e42\" data-e-action-hash=\"#elementor-action%3Aaction%3Dlightbox%26settings%3DeyJpZCI6MTEzNiwidXJsIjoiaHR0cHM6XC9cL3d3dy5ha2d1bnRlc2lzYXQudHJcL3dwLWNvbnRlbnRcL3VwbG9hZHNcLzIwMjVcLzA2XC9XaGF0c0FwcC1Hb3JzZWwtMjAyNS0wNi0xNC1zYWF0LTIyLjQ0LjI1XzhkNTU5ZTQyLmpwZyJ9\">\n\t\t\t\t\t\t\t<img loading=\"lazy\" decoding=\"async\" width=\"768\" height=\"1024\" src=\"https:\/\/www.akguntesisat.tr\/wp-content\/uploads\/2025\/06\/WhatsApp-Gorsel-2025-06-14-saat-22.44.25_8d559e42-768x1024.jpg\" class=\"attachment-large size-large wp-image-1136\" alt=\"\" srcset=\"https:\/\/www.akguntesisat.tr\/wp-content\/uploads\/2025\/06\/WhatsApp-Gorsel-2025-06-14-saat-22.44.25_8d559e42-768x1024.jpg 768w, https:\/\/www.akguntesisat.tr\/wp-content\/uploads\/2025\/06\/WhatsApp-Gorsel-2025-06-14-saat-22.44.25_8d559e42-225x300.jpg 225w, https:\/\/www.akguntesisat.tr\/wp-content\/uploads\/2025\/06\/WhatsApp-Gorsel-2025-06-14-saat-22.44.25_8d559e42-1152x1536.jpg 1152w, https:\/\/www.akguntesisat.tr\/wp-content\/uploads\/2025\/06\/WhatsApp-Gorsel-2025-06-14-saat-22.44.25_8d559e42.jpg 1536w\" sizes=\"(max-width: 768px) 100vw, 768px\" \/>\t\t\t\t\t\t\t\t<\/a>\n\t\t\t\t\t\t\t\t\t\t\t\t\t\t\t<\/div>\n\t\t\t\t<\/div>\n\t\t\t\t<div class=\"elementor-element elementor-element-6655584 elementor-widget elementor-widget-image\" data-id=\"6655584\" data-element_type=\"widget\" data-widget_type=\"image.default\">\n\t\t\t\t<div class=\"elementor-widget-container\">\n\t\t\t\t\t\t\t\t\t\t\t\t\t\t\t\t<a href=\"https:\/\/www.akguntesisat.tr\/wp-content\/uploads\/2025\/06\/WhatsApp-Gorsel-2025-05-22-saat-09.33.23_0220991b.jpg\" data-elementor-open-lightbox=\"yes\" data-elementor-lightbox-title=\"WhatsApp G\u00f6rsel 2025-05-22 saat 09.33.23_0220991b\" data-e-action-hash=\"#elementor-action%3Aaction%3Dlightbox%26settings%3DeyJpZCI6MTEzNCwidXJsIjoiaHR0cHM6XC9cL3d3dy5ha2d1bnRlc2lzYXQudHJcL3dwLWNvbnRlbnRcL3VwbG9hZHNcLzIwMjVcLzA2XC9XaGF0c0FwcC1Hb3JzZWwtMjAyNS0wNS0yMi1zYWF0LTA5LjMzLjIzXzAyMjA5OTFiLmpwZyJ9\">\n\t\t\t\t\t\t\t<img loading=\"lazy\" decoding=\"async\" width=\"768\" height=\"1024\" src=\"https:\/\/www.akguntesisat.tr\/wp-content\/uploads\/2025\/06\/WhatsApp-Gorsel-2025-05-22-saat-09.33.23_0220991b-768x1024.jpg\" class=\"attachment-large size-large wp-image-1134\" alt=\"\" srcset=\"https:\/\/www.akguntesisat.tr\/wp-content\/uploads\/2025\/06\/WhatsApp-Gorsel-2025-05-22-saat-09.33.23_0220991b-768x1024.jpg 768w, https:\/\/www.akguntesisat.tr\/wp-content\/uploads\/2025\/06\/WhatsApp-Gorsel-2025-05-22-saat-09.33.23_0220991b-225x300.jpg 225w, https:\/\/www.akguntesisat.tr\/wp-content\/uploads\/2025\/06\/WhatsApp-Gorsel-2025-05-22-saat-09.33.23_0220991b-1152x1536.jpg 1152w, https:\/\/www.akguntesisat.tr\/wp-content\/uploads\/2025\/06\/WhatsApp-Gorsel-2025-05-22-saat-09.33.23_0220991b.jpg 1536w\" sizes=\"(max-width: 768px) 100vw, 768px\" \/>\t\t\t\t\t\t\t\t<\/a>\n\t\t\t\t\t\t\t\t\t\t\t\t\t\t\t<\/div>\n\t\t\t\t<\/div>\n\t\t\t\t<div class=\"elementor-element elementor-element-7813e6b elementor-widget elementor-widget-image\" data-id=\"7813e6b\" data-element_type=\"widget\" data-widget_type=\"image.default\">\n\t\t\t\t<div class=\"elementor-widget-container\">\n\t\t\t\t\t\t\t\t\t\t\t\t\t\t\t\t<a href=\"https:\/\/www.akguntesisat.tr\/wp-content\/uploads\/2025\/06\/WhatsApp-Gorsel-2025-05-22-saat-09.33.15_61851d9f.jpg\" data-elementor-open-lightbox=\"yes\" data-elementor-lightbox-title=\"WhatsApp G\u00f6rsel 2025-05-22 saat 09.33.15_61851d9f\" data-e-action-hash=\"#elementor-action%3Aaction%3Dlightbox%26settings%3DeyJpZCI6MTEyMiwidXJsIjoiaHR0cHM6XC9cL3d3dy5ha2d1bnRlc2lzYXQudHJcL3dwLWNvbnRlbnRcL3VwbG9hZHNcLzIwMjVcLzA2XC9XaGF0c0FwcC1Hb3JzZWwtMjAyNS0wNS0yMi1zYWF0LTA5LjMzLjE1XzYxODUxZDlmLmpwZyJ9\">\n\t\t\t\t\t\t\t<img loading=\"lazy\" decoding=\"async\" width=\"768\" height=\"1024\" src=\"https:\/\/www.akguntesisat.tr\/wp-content\/uploads\/2025\/06\/WhatsApp-Gorsel-2025-05-22-saat-09.33.15_61851d9f-768x1024.jpg\" class=\"attachment-large size-large wp-image-1122\" alt=\"\" srcset=\"https:\/\/www.akguntesisat.tr\/wp-content\/uploads\/2025\/06\/WhatsApp-Gorsel-2025-05-22-saat-09.33.15_61851d9f-768x1024.jpg 768w, https:\/\/www.akguntesisat.tr\/wp-content\/uploads\/2025\/06\/WhatsApp-Gorsel-2025-05-22-saat-09.33.15_61851d9f-225x300.jpg 225w, https:\/\/www.akguntesisat.tr\/wp-content\/uploads\/2025\/06\/WhatsApp-Gorsel-2025-05-22-saat-09.33.15_61851d9f-1152x1536.jpg 1152w, https:\/\/www.akguntesisat.tr\/wp-content\/uploads\/2025\/06\/WhatsApp-Gorsel-2025-05-22-saat-09.33.15_61851d9f.jpg 1536w\" sizes=\"(max-width: 768px) 100vw, 768px\" \/>\t\t\t\t\t\t\t\t<\/a>\n\t\t\t\t\t\t\t\t\t\t\t\t\t\t\t<\/div>\n\t\t\t\t<\/div>\n\t\t\t\t<div class=\"elementor-element elementor-element-1ae7ae0 elementor-widget elementor-widget-image\" data-id=\"1ae7ae0\" data-element_type=\"widget\" data-widget_type=\"image.default\">\n\t\t\t\t<div class=\"elementor-widget-container\">\n\t\t\t\t\t\t\t\t\t\t\t\t\t\t\t\t<a href=\"https:\/\/www.akguntesisat.tr\/wp-content\/uploads\/2025\/06\/WhatsApp-Gorsel-2025-05-22-saat-09.33.15_89c1a334.jpg\" data-elementor-open-lightbox=\"yes\" data-elementor-lightbox-title=\"WhatsApp G\u00f6rsel 2025-05-22 saat 09.33.15_89c1a334\" data-e-action-hash=\"#elementor-action%3Aaction%3Dlightbox%26settings%3DeyJpZCI6MTEyMSwidXJsIjoiaHR0cHM6XC9cL3d3dy5ha2d1bnRlc2lzYXQudHJcL3dwLWNvbnRlbnRcL3VwbG9hZHNcLzIwMjVcLzA2XC9XaGF0c0FwcC1Hb3JzZWwtMjAyNS0wNS0yMi1zYWF0LTA5LjMzLjE1Xzg5YzFhMzM0LmpwZyJ9\">\n\t\t\t\t\t\t\t<img loading=\"lazy\" decoding=\"async\" width=\"768\" height=\"1024\" src=\"https:\/\/www.akguntesisat.tr\/wp-content\/uploads\/2025\/06\/WhatsApp-Gorsel-2025-05-22-saat-09.33.15_89c1a334-768x1024.jpg\" class=\"attachment-large size-large wp-image-1121\" alt=\"\" srcset=\"https:\/\/www.akguntesisat.tr\/wp-content\/uploads\/2025\/06\/WhatsApp-Gorsel-2025-05-22-saat-09.33.15_89c1a334-768x1024.jpg 768w, https:\/\/www.akguntesisat.tr\/wp-content\/uploads\/2025\/06\/WhatsApp-Gorsel-2025-05-22-saat-09.33.15_89c1a334-225x300.jpg 225w, https:\/\/www.akguntesisat.tr\/wp-content\/uploads\/2025\/06\/WhatsApp-Gorsel-2025-05-22-saat-09.33.15_89c1a334-1152x1536.jpg 1152w, https:\/\/www.akguntesisat.tr\/wp-content\/uploads\/2025\/06\/WhatsApp-Gorsel-2025-05-22-saat-09.33.15_89c1a334.jpg 1536w\" sizes=\"(max-width: 768px) 100vw, 768px\" \/>\t\t\t\t\t\t\t\t<\/a>\n\t\t\t\t\t\t\t\t\t\t\t\t\t\t\t<\/div>\n\t\t\t\t<\/div>\n\t\t\t\t<div class=\"elementor-element elementor-element-1446b75 elementor-widget elementor-widget-image\" data-id=\"1446b75\" data-element_type=\"widget\" data-widget_type=\"image.default\">\n\t\t\t\t<div class=\"elementor-widget-container\">\n\t\t\t\t\t\t\t\t\t\t\t\t\t\t\t\t<a href=\"https:\/\/www.akguntesisat.tr\/wp-content\/uploads\/2025\/06\/WhatsApp-Gorsel-2025-05-22-saat-09.33.14_08bd9bea.jpg\" data-elementor-open-lightbox=\"yes\" data-elementor-lightbox-title=\"WhatsApp G\u00f6rsel 2025-05-22 saat 09.33.14_08bd9bea\" data-e-action-hash=\"#elementor-action%3Aaction%3Dlightbox%26settings%3DeyJpZCI6MTEyMCwidXJsIjoiaHR0cHM6XC9cL3d3dy5ha2d1bnRlc2lzYXQudHJcL3dwLWNvbnRlbnRcL3VwbG9hZHNcLzIwMjVcLzA2XC9XaGF0c0FwcC1Hb3JzZWwtMjAyNS0wNS0yMi1zYWF0LTA5LjMzLjE0XzA4YmQ5YmVhLmpwZyJ9\">\n\t\t\t\t\t\t\t<img loading=\"lazy\" decoding=\"async\" width=\"768\" height=\"1024\" src=\"https:\/\/www.akguntesisat.tr\/wp-content\/uploads\/2025\/06\/WhatsApp-Gorsel-2025-05-22-saat-09.33.14_08bd9bea-768x1024.jpg\" class=\"attachment-large size-large wp-image-1120\" alt=\"\" srcset=\"https:\/\/www.akguntesisat.tr\/wp-content\/uploads\/2025\/06\/WhatsApp-Gorsel-2025-05-22-saat-09.33.14_08bd9bea-768x1024.jpg 768w, https:\/\/www.akguntesisat.tr\/wp-content\/uploads\/2025\/06\/WhatsApp-Gorsel-2025-05-22-saat-09.33.14_08bd9bea-225x300.jpg 225w, https:\/\/www.akguntesisat.tr\/wp-content\/uploads\/2025\/06\/WhatsApp-Gorsel-2025-05-22-saat-09.33.14_08bd9bea-1152x1536.jpg 1152w, https:\/\/www.akguntesisat.tr\/wp-content\/uploads\/2025\/06\/WhatsApp-Gorsel-2025-05-22-saat-09.33.14_08bd9bea.jpg 1536w\" sizes=\"(max-width: 768px) 100vw, 768px\" \/>\t\t\t\t\t\t\t\t<\/a>\n\t\t\t\t\t\t\t\t\t\t\t\t\t\t\t<\/div>\n\t\t\t\t<\/div>\n\t\t\t\t<div class=\"elementor-element elementor-element-eecf07e elementor-widget elementor-widget-image\" data-id=\"eecf07e\" data-element_type=\"widget\" data-widget_type=\"image.default\">\n\t\t\t\t<div class=\"elementor-widget-container\">\n\t\t\t\t\t\t\t\t\t\t\t\t\t\t\t\t<a href=\"https:\/\/www.akguntesisat.tr\/wp-content\/uploads\/2025\/06\/WhatsApp-Gorsel-2025-06-14-saat-22.44.25_abb66b3d.jpg\" data-elementor-open-lightbox=\"yes\" data-elementor-lightbox-title=\"WhatsApp G\u00f6rsel 2025-06-14 saat 22.44.25_abb66b3d\" data-e-action-hash=\"#elementor-action%3Aaction%3Dlightbox%26settings%3DeyJpZCI6MTEzNywidXJsIjoiaHR0cHM6XC9cL3d3dy5ha2d1bnRlc2lzYXQudHJcL3dwLWNvbnRlbnRcL3VwbG9hZHNcLzIwMjVcLzA2XC9XaGF0c0FwcC1Hb3JzZWwtMjAyNS0wNi0xNC1zYWF0LTIyLjQ0LjI1X2FiYjY2YjNkLmpwZyJ9\">\n\t\t\t\t\t\t\t<img loading=\"lazy\" decoding=\"async\" width=\"768\" height=\"1024\" src=\"https:\/\/www.akguntesisat.tr\/wp-content\/uploads\/2025\/06\/WhatsApp-Gorsel-2025-06-14-saat-22.44.25_abb66b3d-768x1024.jpg\" class=\"attachment-large size-large wp-image-1137\" alt=\"\" srcset=\"https:\/\/www.akguntesisat.tr\/wp-content\/uploads\/2025\/06\/WhatsApp-Gorsel-2025-06-14-saat-22.44.25_abb66b3d-768x1024.jpg 768w, https:\/\/www.akguntesisat.tr\/wp-content\/uploads\/2025\/06\/WhatsApp-Gorsel-2025-06-14-saat-22.44.25_abb66b3d-225x300.jpg 225w, https:\/\/www.akguntesisat.tr\/wp-content\/uploads\/2025\/06\/WhatsApp-Gorsel-2025-06-14-saat-22.44.25_abb66b3d-1152x1536.jpg 1152w, https:\/\/www.akguntesisat.tr\/wp-content\/uploads\/2025\/06\/WhatsApp-Gorsel-2025-06-14-saat-22.44.25_abb66b3d.jpg 1536w\" sizes=\"(max-width: 768px) 100vw, 768px\" \/>\t\t\t\t\t\t\t\t<\/a>\n\t\t\t\t\t\t\t\t\t\t\t\t\t\t\t<\/div>\n\t\t\t\t<\/div>\n\t\t\t\t<div class=\"elementor-element elementor-element-178a993 elementor-widget elementor-widget-image\" data-id=\"178a993\" data-element_type=\"widget\" data-widget_type=\"image.default\">\n\t\t\t\t<div class=\"elementor-widget-container\">\n\t\t\t\t\t\t\t\t\t\t\t\t\t\t\t\t<a href=\"https:\/\/www.akguntesisat.tr\/wp-content\/uploads\/2025\/06\/WhatsApp-Gorsel-2025-05-22-saat-09.33.23_1d614e83.jpg\" data-elementor-open-lightbox=\"yes\" data-elementor-lightbox-title=\"WhatsApp G\u00f6rsel 2025-05-22 saat 09.33.23_1d614e83\" data-e-action-hash=\"#elementor-action%3Aaction%3Dlightbox%26settings%3DeyJpZCI6MTEzMywidXJsIjoiaHR0cHM6XC9cL3d3dy5ha2d1bnRlc2lzYXQudHJcL3dwLWNvbnRlbnRcL3VwbG9hZHNcLzIwMjVcLzA2XC9XaGF0c0FwcC1Hb3JzZWwtMjAyNS0wNS0yMi1zYWF0LTA5LjMzLjIzXzFkNjE0ZTgzLmpwZyJ9\">\n\t\t\t\t\t\t\t<img loading=\"lazy\" decoding=\"async\" width=\"768\" height=\"1024\" src=\"https:\/\/www.akguntesisat.tr\/wp-content\/uploads\/2025\/06\/WhatsApp-Gorsel-2025-05-22-saat-09.33.23_1d614e83-768x1024.jpg\" class=\"attachment-large size-large wp-image-1133\" alt=\"\" srcset=\"https:\/\/www.akguntesisat.tr\/wp-content\/uploads\/2025\/06\/WhatsApp-Gorsel-2025-05-22-saat-09.33.23_1d614e83-768x1024.jpg 768w, https:\/\/www.akguntesisat.tr\/wp-content\/uploads\/2025\/06\/WhatsApp-Gorsel-2025-05-22-saat-09.33.23_1d614e83-225x300.jpg 225w, https:\/\/www.akguntesisat.tr\/wp-content\/uploads\/2025\/06\/WhatsApp-Gorsel-2025-05-22-saat-09.33.23_1d614e83-1152x1536.jpg 1152w, https:\/\/www.akguntesisat.tr\/wp-content\/uploads\/2025\/06\/WhatsApp-Gorsel-2025-05-22-saat-09.33.23_1d614e83.jpg 1536w\" sizes=\"(max-width: 768px) 100vw, 768px\" \/>\t\t\t\t\t\t\t\t<\/a>\n\t\t\t\t\t\t\t\t\t\t\t\t\t\t\t<\/div>\n\t\t\t\t<\/div>\n\t\t\t\t<div class=\"elementor-element elementor-element-df83e45 elementor-widget elementor-widget-image\" data-id=\"df83e45\" data-element_type=\"widget\" data-widget_type=\"image.default\">\n\t\t\t\t<div class=\"elementor-widget-container\">\n\t\t\t\t\t\t\t\t\t\t\t\t\t\t\t\t<a href=\"https:\/\/www.akguntesisat.tr\/wp-content\/uploads\/2025\/06\/WhatsApp-Gorsel-2025-05-22-saat-09.33.22_44482070.jpg\" data-elementor-open-lightbox=\"yes\" data-elementor-lightbox-title=\"WhatsApp G\u00f6rsel 2025-05-22 saat 09.33.22_44482070\" data-e-action-hash=\"#elementor-action%3Aaction%3Dlightbox%26settings%3DeyJpZCI6MTEzMiwidXJsIjoiaHR0cHM6XC9cL3d3dy5ha2d1bnRlc2lzYXQudHJcL3dwLWNvbnRlbnRcL3VwbG9hZHNcLzIwMjVcLzA2XC9XaGF0c0FwcC1Hb3JzZWwtMjAyNS0wNS0yMi1zYWF0LTA5LjMzLjIyXzQ0NDgyMDcwLmpwZyJ9\">\n\t\t\t\t\t\t\t<img loading=\"lazy\" decoding=\"async\" width=\"768\" height=\"1024\" src=\"https:\/\/www.akguntesisat.tr\/wp-content\/uploads\/2025\/06\/WhatsApp-Gorsel-2025-05-22-saat-09.33.22_44482070-768x1024.jpg\" class=\"attachment-large size-large wp-image-1132\" alt=\"\" srcset=\"https:\/\/www.akguntesisat.tr\/wp-content\/uploads\/2025\/06\/WhatsApp-Gorsel-2025-05-22-saat-09.33.22_44482070-768x1024.jpg 768w, https:\/\/www.akguntesisat.tr\/wp-content\/uploads\/2025\/06\/WhatsApp-Gorsel-2025-05-22-saat-09.33.22_44482070-225x300.jpg 225w, https:\/\/www.akguntesisat.tr\/wp-content\/uploads\/2025\/06\/WhatsApp-Gorsel-2025-05-22-saat-09.33.22_44482070-1152x1536.jpg 1152w, https:\/\/www.akguntesisat.tr\/wp-content\/uploads\/2025\/06\/WhatsApp-Gorsel-2025-05-22-saat-09.33.22_44482070.jpg 1536w\" sizes=\"(max-width: 768px) 100vw, 768px\" \/>\t\t\t\t\t\t\t\t<\/a>\n\t\t\t\t\t\t\t\t\t\t\t\t\t\t\t<\/div>\n\t\t\t\t<\/div>\n\t\t\t\t<div class=\"elementor-element elementor-element-c032ecd elementor-widget elementor-widget-image\" data-id=\"c032ecd\" data-element_type=\"widget\" data-widget_type=\"image.default\">\n\t\t\t\t<div class=\"elementor-widget-container\">\n\t\t\t\t\t\t\t\t\t\t\t\t\t\t\t\t<a href=\"https:\/\/www.akguntesisat.tr\/wp-content\/uploads\/2025\/06\/WhatsApp-Gorsel-2025-05-22-saat-09.33.22_5ba42bda.jpg\" data-elementor-open-lightbox=\"yes\" data-elementor-lightbox-title=\"WhatsApp G\u00f6rsel 2025-05-22 saat 09.33.22_5ba42bda\" data-e-action-hash=\"#elementor-action%3Aaction%3Dlightbox%26settings%3DeyJpZCI6MTEyOSwidXJsIjoiaHR0cHM6XC9cL3d3dy5ha2d1bnRlc2lzYXQudHJcL3dwLWNvbnRlbnRcL3VwbG9hZHNcLzIwMjVcLzA2XC9XaGF0c0FwcC1Hb3JzZWwtMjAyNS0wNS0yMi1zYWF0LTA5LjMzLjIyXzViYTQyYmRhLmpwZyJ9\">\n\t\t\t\t\t\t\t<img loading=\"lazy\" decoding=\"async\" width=\"768\" height=\"1024\" src=\"https:\/\/www.akguntesisat.tr\/wp-content\/uploads\/2025\/06\/WhatsApp-Gorsel-2025-05-22-saat-09.33.22_5ba42bda-768x1024.jpg\" class=\"attachment-large size-large wp-image-1129\" alt=\"\" srcset=\"https:\/\/www.akguntesisat.tr\/wp-content\/uploads\/2025\/06\/WhatsApp-Gorsel-2025-05-22-saat-09.33.22_5ba42bda-768x1024.jpg 768w, https:\/\/www.akguntesisat.tr\/wp-content\/uploads\/2025\/06\/WhatsApp-Gorsel-2025-05-22-saat-09.33.22_5ba42bda-225x300.jpg 225w, https:\/\/www.akguntesisat.tr\/wp-content\/uploads\/2025\/06\/WhatsApp-Gorsel-2025-05-22-saat-09.33.22_5ba42bda-1152x1536.jpg 1152w, https:\/\/www.akguntesisat.tr\/wp-content\/uploads\/2025\/06\/WhatsApp-Gorsel-2025-05-22-saat-09.33.22_5ba42bda.jpg 1536w\" sizes=\"(max-width: 768px) 100vw, 768px\" \/>\t\t\t\t\t\t\t\t<\/a>\n\t\t\t\t\t\t\t\t\t\t\t\t\t\t\t<\/div>\n\t\t\t\t<\/div>\n\t\t\t\t<div class=\"elementor-element elementor-element-9386779 elementor-widget elementor-widget-image\" data-id=\"9386779\" data-element_type=\"widget\" data-widget_type=\"image.default\">\n\t\t\t\t<div class=\"elementor-widget-container\">\n\t\t\t\t\t\t\t\t\t\t\t\t\t\t\t\t<a href=\"https:\/\/www.akguntesisat.tr\/wp-content\/uploads\/2025\/06\/WhatsApp-Gorsel-2025-06-16-saat-08.56.26_7227242a.jpg\" data-elementor-open-lightbox=\"yes\" data-elementor-lightbox-title=\"WhatsApp G\u00f6rsel 2025-06-16 saat 08.56.26_7227242a\" data-e-action-hash=\"#elementor-action%3Aaction%3Dlightbox%26settings%3DeyJpZCI6MTEzOCwidXJsIjoiaHR0cHM6XC9cL3d3dy5ha2d1bnRlc2lzYXQudHJcL3dwLWNvbnRlbnRcL3VwbG9hZHNcLzIwMjVcLzA2XC9XaGF0c0FwcC1Hb3JzZWwtMjAyNS0wNi0xNi1zYWF0LTA4LjU2LjI2XzcyMjcyNDJhLmpwZyJ9\">\n\t\t\t\t\t\t\t<img loading=\"lazy\" decoding=\"async\" width=\"576\" height=\"1024\" src=\"https:\/\/www.akguntesisat.tr\/wp-content\/uploads\/2025\/06\/WhatsApp-Gorsel-2025-06-16-saat-08.56.26_7227242a-576x1024.jpg\" class=\"attachment-large size-large wp-image-1138\" alt=\"\" srcset=\"https:\/\/www.akguntesisat.tr\/wp-content\/uploads\/2025\/06\/WhatsApp-Gorsel-2025-06-16-saat-08.56.26_7227242a-576x1024.jpg 576w, https:\/\/www.akguntesisat.tr\/wp-content\/uploads\/2025\/06\/WhatsApp-Gorsel-2025-06-16-saat-08.56.26_7227242a-169x300.jpg 169w, https:\/\/www.akguntesisat.tr\/wp-content\/uploads\/2025\/06\/WhatsApp-Gorsel-2025-06-16-saat-08.56.26_7227242a-768x1365.jpg 768w, https:\/\/www.akguntesisat.tr\/wp-content\/uploads\/2025\/06\/WhatsApp-Gorsel-2025-06-16-saat-08.56.26_7227242a-864x1536.jpg 864w, https:\/\/www.akguntesisat.tr\/wp-content\/uploads\/2025\/06\/WhatsApp-Gorsel-2025-06-16-saat-08.56.26_7227242a.jpg 1152w\" sizes=\"(max-width: 576px) 100vw, 576px\" \/>\t\t\t\t\t\t\t\t<\/a>\n\t\t\t\t\t\t\t\t\t\t\t\t\t\t\t<\/div>\n\t\t\t\t<\/div>\n\t\t\t\t\t<\/div>\n\t\t\t\t<\/div>\n\t\t\t\t<\/div>\n\t\t","protected":false},"excerpt":{"rendered":"Yapt\u0131\u011f\u0131m\u0131z \u0130\u015flerden Baz\u0131 \u00d6rnekler","protected":false},"author":1,"featured_media":0,"parent":0,"menu_order":0,"comment_status":"closed","ping_status":"closed","template":"","meta":{"footnotes":""},"class_list":["post-1116","page","type-page","status-publish","hentry"],"_links":{"self":[{"href":"https:\/\/www.akguntesisat.tr\/index.php?rest_route=\/wp\/v2\/pages\/1116","targetHints":{"allow":["GET"]}}],"collection":[{"href":"https:\/\/www.akguntesisat.tr\/index.php?rest_route=\/wp\/v2\/pages"}],"about":[{"href":"https:\/\/www.akguntesisat.tr\/index.php?rest_route=\/wp\/v2\/types\/page"}],"author":[{"embeddable":true,"href":"https:\/\/www.akguntesisat.tr\/index.php?rest_route=\/wp\/v2\/users\/1"}],"replies":[{"embeddable":true,"href":"https:\/\/www.akguntesisat.tr\/index.php?rest_route=%2Fwp%2Fv2%2Fcomments&post=1116"}],"version-history":[{"count":40,"href":"https:\/\/www.akguntesisat.tr\/index.php?rest_route=\/wp\/v2\/pages\/1116\/revisions"}],"predecessor-version":[{"id":1178,"href":"https:\/\/www.akguntesisat.tr\/index.php?rest_route=\/wp\/v2\/pages\/1116\/revisions\/1178"}],"wp:attachment":[{"href":"https:\/\/www.akguntesisat.tr\/index.php?rest_route=%2Fwp%2Fv2%2Fmedia&parent=1116"}],"curies":[{"name":"wp","href":"https:\/\/api.w.org\/{rel}","templated":true}]}}