{"id":17,"date":"2021-11-02T05:52:42","date_gmt":"2021-11-02T05:52:42","guid":{"rendered":"https:\/\/wpocean.com\/wp\/plumco\/?page_id=17"},"modified":"2025-05-30T08:48:21","modified_gmt":"2025-05-30T08:48:21","slug":"hakkimizda","status":"publish","type":"page","link":"https:\/\/www.akguntesisat.tr\/?page_id=17","title":{"rendered":"Hakk\u0131m\u0131zda"},"content":{"rendered":"\t\t<div data-elementor-type=\"wp-page\" data-elementor-id=\"17\" class=\"elementor elementor-17\">\n\t\t\t\t\t\t<section class=\"elementor-section elementor-top-section elementor-element elementor-element-26e0cae elementor-section-full_width elementor-section-height-default elementor-section-height-default\" data-id=\"26e0cae\" data-element_type=\"section\">\n\t\t\t\t\t\t<div class=\"elementor-container elementor-column-gap-no\">\n\t\t\t\t\t<div class=\"elementor-column elementor-col-100 elementor-top-column elementor-element elementor-element-08d907c\" data-id=\"08d907c\" data-element_type=\"column\">\n\t\t\t<div class=\"elementor-widget-wrap elementor-element-populated\">\n\t\t\t\t\t\t<div class=\"elementor-element elementor-element-50ecdcf elementor-widget elementor-widget-wpo-plumco_about\" data-id=\"50ecdcf\" data-element_type=\"widget\" data-settings=\"{&quot;about_image&quot;:{&quot;url&quot;:&quot;https:\\\/\\\/www.akgultesisat.com.tr\\\/wp-content\\\/uploads\\\/2025\\\/05\\\/hakkimizda.jpg&quot;,&quot;id&quot;:937,&quot;size&quot;:&quot;&quot;,&quot;alt&quot;:&quot;&quot;,&quot;source&quot;:&quot;library&quot;}}\" data-widget_type=\"wpo-plumco_about.default\">\n\t\t\t\t<div class=\"elementor-widget-container\">\n\t\t\t\t\t\t\t<div class=\"wpo-about-section about-section-s3\">\n\t\t\t<div class=\"container\">\n\t\t\t\t<div class=\"row\">\n\t\t\t\t\t<div class=\"col-lg-6 col-md-12 col-12\">\n\t\t\t\t\t\t<div class=\"about-thumnail\">\n\t\t\t\t\t\t\t<img decoding=\"async\" src=\"https:\/\/www.akguntesisat.tr\/wp-content\/uploads\/2025\/05\/hakkimizda.jpg\" alt=\"\">\t\t\t\t\t\t<\/div>\n\t\t\t\t\t<\/div>\n\t\t\t\t\t<div class=\"col-lg-6 col-md-12 col-12\">\n\t\t\t\t\t\t<div class=\"wpo-about-text\">\n\t\t\t\t\t\t\t<span>Hakk\u0131m\u0131zda<\/span><h2>Tesisat Hizmetinde 15+ Y\u0131ldan Fazla Deneyim<\/h2>\t\t\t\t\t\t\t<div class=\"about-content\">\n\t\t\t\t\t\t\t\t<p>Akg\u00fcn Tesisat firmam\u0131z, profesyonel tesisat hizmetleriyle \u00f6ne \u00e7\u0131kan bir liderdir. Su, do\u011falgaz tesisat\u0131, ve \u0131s\u0131tma sistemlerinde uzman ekibimiz, tesisat ihtiya\u00e7lar\u0131n\u0131za h\u0131zl\u0131, g\u00fcvenilir ve etkili \u00e7\u00f6z\u00fcmler sunar. T\u0131kan\u0131kl\u0131k a\u00e7ma ve bak\u0131m konular\u0131nda deneyimli ekibimiz, sorunlar\u0131n\u0131za kal\u0131c\u0131 \u00e7\u00f6z\u00fcmler getirir. M\u00fc\u015fteri memnuniyeti odakl\u0131 \u00e7al\u0131\u015farak, g\u00fc\u00e7l\u00fc referanslar edindik. Teknolojiyi yak\u0131ndan takip eden firmam\u0131z, bilgisayarl\u0131 su ka\u00e7ak tespiti gibi modern y\u00f6ntemleri kullanarak hizmet sunar. G\u00fcvenilirlik, kalite, ve m\u00fc\u015fteri memnuniyeti prensipleriyle, tesisat alan\u0131nda sizlere en iyi hizmeti sunmay\u0131 ama\u00e7l\u0131yoruz.<\/p>\t\t\t\t\t\t\t<\/div>\n\t\t\t\t\t\t\t<div class=\"about-button\">\n\t\t\t\t\t\t\t\t<a href=\"#\"   class=\"theme-btn\" >Daha Fazla<\/a>\t\t\t\t\t\t\t<\/div>\n\t\t\t\t\t\t<\/div>\n\t\t\t\t\t<\/div>\n\t\t\t\t<\/div>\n\t\t\t<\/div>\n\t\t<\/div>\n\t\t\t\t<\/div>\n\t\t\t\t<\/div>\n\t\t\t\t\t<\/div>\n\t\t<\/div>\n\t\t\t\t\t<\/div>\n\t\t<\/section>\n\t\t\t\t<section class=\"elementor-section elementor-top-section elementor-element elementor-element-c990956 elementor-section-full_width elementor-section-height-default elementor-section-height-default\" data-id=\"c990956\" data-element_type=\"section\">\n\t\t\t\t\t\t<div class=\"elementor-container elementor-column-gap-no\">\n\t\t\t\t\t<div class=\"elementor-column elementor-col-100 elementor-top-column elementor-element elementor-element-47eed7a\" data-id=\"47eed7a\" data-element_type=\"column\">\n\t\t\t<div class=\"elementor-widget-wrap elementor-element-populated\">\n\t\t\t\t\t\t<div class=\"elementor-element elementor-element-8a36a60 elementor-widget elementor-widget-wpo-plumco_funfact\" data-id=\"8a36a60\" data-element_type=\"widget\" data-settings=\"{&quot;review_image&quot;:{&quot;url&quot;:&quot;https:\\\/\\\/www.akguntesisat.tr\\\/wp-content\\\/plugins\\\/elementor\\\/assets\\\/images\\\/placeholder.png&quot;,&quot;id&quot;:&quot;&quot;,&quot;size&quot;:&quot;&quot;}}\" data-widget_type=\"wpo-plumco_funfact.default\">\n\t\t\t\t<div class=\"elementor-widget-container\">\n\t\t\t\t\t\t\t<div class=\"wpo-fun-fact-section section-padding\">\n\t\t\t<div class=\"container\">\n\t\t\t\t<div class=\"row align-items-center\">\n\t\t\t\t\t<div class=\"col-lg-5\">\n\t\t\t\t\t\t<div class=\"wpo-funfacts-text\">\n\t\t\t\t\t\t\t<h3>Di\u011fer Hizmetlerden Her Zaman Farkl\u0131y\u0131z.<\/h3>\t\t\t\t\t\t\t<div class=\"customer-review\">\n\t\t\t\t\t\t\t\t<h2>89K<\/h2>\t\t\t\t\t\t\t\t<div class=\"reviews\">\n\t\t\t\t\t\t\t\t\t<div class=\"review-imag\">\n\t\t\t\t\t\t\t\t\t\t\t\t\t\t\t\t\t\t\t<\/div>\n\t\t\t\t\t\t\t\t\t<span>M\u00fc\u015fteri Yorumu<\/span>\t\t\t\t\t\t\t\t<\/div>\n\t\t\t\t\t\t\t<\/div>\n\t\t\t\t\t\t<\/div>\n\t\t\t\t\t<\/div>\n\t\t\t\t\t<div class=\"col col-lg-6 offset-lg-1\">\n\t\t\t\t\t\t<div class=\"wpo-fun-fact-grids clearfix\">\n\t\t\t\t\t\t\t\t\t\t\t\t\t\t\t\t<div class=\"grid\">\n\t\t\t\t\t\t\t\t\t\t<div class=\"icon\">\n\t\t\t\t\t\t\t\t\t\t\t<img decoding=\"async\" src=\"https:\/\/www.akguntesisat.tr\/wp-content\/uploads\/2021\/11\/funfact-icon-1.png\" alt=\"\">\t\t\t\t\t\t\t\t\t\t<\/div>\n\t\t\t\t\t\t\t\t\t\t<div class=\"info\">\n\t\t\t\t\t\t\t\t\t\t\t<h3><span class=\"odometer\" data-count=\"250\">00<\/span>+<\/h3><p>\u00c7al\u0131\u015fan Proje<\/p>\t\t\t\t\t\t\t\t\t\t<\/div>\n\t\t\t\t\t\t\t\t\t<\/div>\n\t\t\t\t\t\t\t\t\t\t\t\t\t\t\t\t<div class=\"grid\">\n\t\t\t\t\t\t\t\t\t\t<div class=\"icon\">\n\t\t\t\t\t\t\t\t\t\t\t<img decoding=\"async\" src=\"https:\/\/www.akguntesisat.tr\/wp-content\/uploads\/2021\/11\/funfact-icon-2.png\" alt=\"\">\t\t\t\t\t\t\t\t\t\t<\/div>\n\t\t\t\t\t\t\t\t\t\t<div class=\"info\">\n\t\t\t\t\t\t\t\t\t\t\t<h3><span class=\"odometer\" data-count=\"10\">00<\/span>+<\/h3><p>Tak\u0131m \u00dcyesi<\/p>\t\t\t\t\t\t\t\t\t\t<\/div>\n\t\t\t\t\t\t\t\t\t<\/div>\n\t\t\t\t\t\t\t\t\t\t\t\t\t\t\t\t<div class=\"grid\">\n\t\t\t\t\t\t\t\t\t\t<div class=\"icon\">\n\t\t\t\t\t\t\t\t\t\t\t<img decoding=\"async\" src=\"https:\/\/www.akguntesisat.tr\/wp-content\/uploads\/2021\/11\/funfact-icon-3.png\" alt=\"\">\t\t\t\t\t\t\t\t\t\t<\/div>\n\t\t\t\t\t\t\t\t\t\t<div class=\"info\">\n\t\t\t\t\t\t\t\t\t\t\t<h3><span class=\"odometer\" data-count=\"39\">00<\/span>K<\/h3><p>Mutlu M\u00fc\u015fteriler<\/p>\t\t\t\t\t\t\t\t\t\t<\/div>\n\t\t\t\t\t\t\t\t\t<\/div>\n\t\t\t\t\t\t\t\t\t\t\t\t\t\t\t\t<div class=\"grid\">\n\t\t\t\t\t\t\t\t\t\t<div class=\"icon\">\n\t\t\t\t\t\t\t\t\t\t\t<img decoding=\"async\" src=\"https:\/\/www.akguntesisat.tr\/wp-content\/uploads\/2021\/11\/funfact-icon-4.png\" alt=\"\">\t\t\t\t\t\t\t\t\t\t<\/div>\n\t\t\t\t\t\t\t\t\t\t<div class=\"info\">\n\t\t\t\t\t\t\t\t\t\t\t<h3><span class=\"odometer\" data-count=\"500\">00<\/span>+<\/h3><p>Tamirat &amp; Tadilar<\/p>\t\t\t\t\t\t\t\t\t\t<\/div>\n\t\t\t\t\t\t\t\t\t<\/div>\n\t\t\t\t\t\t\t\t\t\t\t\t\t<\/div>\n\t\t\t\t\t<\/div>\n\t\t\t\t<\/div>\n\t\t\t<\/div> <!-- end container -->\n\t\t<\/div>\n\t\t\t\t<\/div>\n\t\t\t\t<\/div>\n\t\t\t\t\t<\/div>\n\t\t<\/div>\n\t\t\t\t\t<\/div>\n\t\t<\/section>\n\t\t\t\t<section class=\"elementor-section elementor-top-section elementor-element elementor-element-8dd9095 elementor-section-full_width elementor-section-height-default elementor-section-height-default\" data-id=\"8dd9095\" data-element_type=\"section\" data-settings=\"{&quot;background_background&quot;:&quot;classic&quot;}\">\n\t\t\t\t\t\t<div class=\"elementor-container elementor-column-gap-no\">\n\t\t\t\t\t<div class=\"elementor-column elementor-col-100 elementor-top-column elementor-element elementor-element-9f516f1\" data-id=\"9f516f1\" data-element_type=\"column\">\n\t\t\t<div class=\"elementor-widget-wrap\">\n\t\t\t\t\t\t\t<\/div>\n\t\t<\/div>\n\t\t\t\t\t<\/div>\n\t\t<\/section>\n\t\t\t\t<section class=\"elementor-section elementor-top-section elementor-element elementor-element-3977e05 elementor-section-full_width elementor-section-height-default elementor-section-height-default\" data-id=\"3977e05\" data-element_type=\"section\">\n\t\t\t\t\t\t<div class=\"elementor-container elementor-column-gap-no\">\n\t\t\t\t\t<div class=\"elementor-column elementor-col-100 elementor-top-column elementor-element elementor-element-d3867c8\" data-id=\"d3867c8\" data-element_type=\"column\">\n\t\t\t<div class=\"elementor-widget-wrap elementor-element-populated\">\n\t\t\t\t\t\t<div class=\"elementor-element elementor-element-59cab96 elementor-widget elementor-widget-wpo-plumco_video_form\" data-id=\"59cab96\" data-element_type=\"widget\" data-settings=\"{&quot;form_image&quot;:{&quot;url&quot;:&quot;http:\\\/\\\/wpocean.com\\\/wp\\\/plumco\\\/wp-content\\\/uploads\\\/2021\\\/11\\\/contact.jpg&quot;,&quot;id&quot;:225,&quot;size&quot;:&quot;&quot;,&quot;alt&quot;:&quot;&quot;,&quot;source&quot;:&quot;library&quot;},&quot;form_shape&quot;:{&quot;url&quot;:&quot;http:\\\/\\\/wpocean.com\\\/wp\\\/plumco\\\/wp-content\\\/uploads\\\/2021\\\/11\\\/contact-shape.png&quot;,&quot;id&quot;:226,&quot;size&quot;:&quot;&quot;,&quot;alt&quot;:&quot;&quot;,&quot;source&quot;:&quot;library&quot;}}\" data-widget_type=\"wpo-plumco_video_form.default\">\n\t\t\t\t<div class=\"elementor-widget-container\">\n\t\t\t\t\t\t\t<div class=\"wpo-contact-section section-padding\">\n\t\t\t<div class=\"wpo-contact-img\">\n\t\t\t\t<img decoding=\"async\" src=\"https:\/\/www.akguntesisat.tr\/wp-content\/uploads\/2021\/11\/contact.jpg\" alt=\"\">\t\t\t\t\t<a href=\"#\" class=\"video-btn\" data-type=\"iframe\">\n\t\t\t\t\t\t<i class=\"fi flaticon-play\"><\/i>\n\t\t\t\t\t<\/a>\n\t\t\t\t\t\t\t<\/div>\n\t\t\t<div class=\"wpo-contact-img-s2\">\n\t\t\t\t<img decoding=\"async\" src=\"https:\/\/www.akguntesisat.tr\/wp-content\/uploads\/2021\/11\/contact-shape.png\" alt=\"\">\t\t\t<\/div>\n\t\t\t<div class=\"container\">\n\t\t\t\t<div class=\"wpo-contact-section-wrapper\">\n\t\t\t\t\t<div class=\"row align-items-center\">\n\t\t\t\t\t\t<div class=\"col-lg-6 col-md-12 col-12\">\n\t\t\t\t\t\t\t<div class=\"wpo-contact-form-area\">\n\t\t\t\t\t\t\t\t<div class=\"wpo-section-title-s2\">\n\t\t\t\t\t\t\t\t\t<span>Online Randevu<\/span><h2>Biz Sizi Arayal\u0131m.<\/h2>\t\t\t\t\t\t\t\t<\/div>\n\t\t\t\t\t\t\t\t<div class=\"form-area\">\n\t\t\t\t\t\t\t\t\t\n<div class=\"wpcf7 no-js\" id=\"wpcf7-f231-o1\" lang=\"en-US\" dir=\"ltr\" data-wpcf7-id=\"231\">\n<div class=\"screen-reader-response\"><p role=\"status\" aria-live=\"polite\" aria-atomic=\"true\"><\/p> <ul><\/ul><\/div>\n<form action=\"\/index.php?rest_route=%2Fwp%2Fv2%2Fpages%2F17#wpcf7-f231-o1\" method=\"post\" class=\"wpcf7-form init\" aria-label=\"Contact form\" novalidate=\"novalidate\" data-status=\"init\">\n<fieldset class=\"hidden-fields-container\"><input type=\"hidden\" name=\"_wpcf7\" value=\"231\" \/><input type=\"hidden\" name=\"_wpcf7_version\" value=\"6.1.4\" \/><input type=\"hidden\" name=\"_wpcf7_locale\" value=\"en_US\" \/><input type=\"hidden\" name=\"_wpcf7_unit_tag\" value=\"wpcf7-f231-o1\" \/><input type=\"hidden\" name=\"_wpcf7_container_post\" value=\"0\" \/><input type=\"hidden\" name=\"_wpcf7_posted_data_hash\" value=\"\" \/>\n<\/fieldset>\n<div class=\"row\">\n\t<div class=\"col col-lg-6 col-md-6 col-12\">\n\t\t<div class=\"form-group\">\n\t\t\t<p><label>Ad Soyad*<\/label><br \/>\n<span class=\"wpcf7-form-control-wrap\" data-name=\"text-965\"><input size=\"40\" maxlength=\"400\" class=\"wpcf7-form-control wpcf7-text wpcf7-validates-as-required form-control\" aria-required=\"true\" aria-invalid=\"false\" placeholder=\"Onur Akg\u00fcn\" value=\"\" type=\"text\" name=\"text-965\" \/><\/span>\n\t\t\t<\/p>\n\t\t<\/div>\n\t<\/div>\n\t<div class=\"col col-lg-6 col-md-6 col-12\">\n\t\t<div class=\"form-group\">\n\t\t\t<p><label>E-mail*<\/label><br \/>\n<span class=\"wpcf7-form-control-wrap\" data-name=\"email-904\"><input size=\"40\" maxlength=\"400\" class=\"wpcf7-form-control wpcf7-email wpcf7-validates-as-required wpcf7-text wpcf7-validates-as-email form-control\" aria-required=\"true\" aria-invalid=\"false\" placeholder=\"info@gmail.com\" value=\"\" type=\"email\" name=\"email-904\" \/><\/span>\n\t\t\t<\/p>\n\t\t<\/div>\n\t<\/div>\n\t<div class=\"col col-lg-6 col-md-6 col-12\">\n\t\t<div class=\"form-group\">\n\t\t\t<p><label>Telefon Numaras\u0131*<\/label><br \/>\n<span class=\"wpcf7-form-control-wrap\" data-name=\"tel-578\"><input size=\"40\" maxlength=\"400\" class=\"wpcf7-form-control wpcf7-tel wpcf7-validates-as-required wpcf7-text wpcf7-validates-as-tel form-control\" aria-required=\"true\" aria-invalid=\"false\" placeholder=\"+90 *** *** ***\" value=\"\" type=\"tel\" name=\"tel-578\" \/><\/span>\n\t\t\t<\/p>\n\t\t<\/div>\n\t<\/div>\n\t<div class=\"col col-lg-6 col-md-6 col-12\">\n\t\t<div class=\"form-group\">\n\t\t\t<p><label>Hizmet Se\u00e7iniz*<\/label><br \/>\n<span class=\"wpcf7-form-control-wrap\" data-name=\"menu-503\"><select class=\"wpcf7-form-control wpcf7-select wpcf7-validates-as-required form-control\" aria-required=\"true\" aria-invalid=\"false\" name=\"menu-503\"><option value=\"Servis Se\u00e7enekleri\">Servis Se\u00e7enekleri<\/option><option value=\"Su Tesisat Sorunu\">Su Tesisat Sorunu<\/option><option value=\"Kalorifer Tesisat\">Kalorifer Tesisat<\/option><option value=\"G\u00fcne\u015f Enerjisi\">G\u00fcne\u015f Enerjisi<\/option><option value=\"Do\u011falgaz Tesisat\">Do\u011falgaz Tesisat<\/option><option value=\"Tamirat &amp; Tadilat\">Tamirat &amp; Tadilat<\/option><option value=\"Di\u011fer\">Di\u011fer<\/option><\/select><\/span>\n\t\t\t<\/p>\n\t\t<\/div>\n\t<\/div>\n\t<div class=\"col fullwidth col-lg-12 \">\n\t\t<div class=\"form-group\">\n\t\t\t<p><label>Mesaj\u0131n\u0131z*<\/label><br \/>\n<span class=\"wpcf7-form-control-wrap\" data-name=\"textarea-698\"><textarea cols=\"40\" rows=\"10\" maxlength=\"2000\" class=\"wpcf7-form-control wpcf7-textarea wpcf7-validates-as-required form-control\" aria-required=\"true\" aria-invalid=\"false\" placeholder=\"Mesaj\u0131n\u0131z\u0131 Yaz\u0131n\u0131z\" name=\"textarea-698\"><\/textarea><\/span>\n\t\t\t<\/p>\n\t\t<\/div>\n\t<\/div>\n<\/div>\n<div class=\"submit-area\">\n\t<p><input class=\"wpcf7-form-control wpcf7-submit has-spinner theme-btn\" type=\"submit\" value=\"Randevu Al\u0131n\" \/>\n\t<\/p>\n<\/div><div class=\"wpcf7-response-output\" aria-hidden=\"true\"><\/div>\n<\/form>\n<\/div>\n\t\t\t\t\t\t\t\t<\/div>\n\t\t\t\t\t\t\t\t<div class=\"border-style\"><\/div>\n\t\t\t\t\t\t\t<\/div>\n\t\t\t\t\t\t<\/div>\n\t\t\t\t\t<\/div>\n\t\t\t\t<\/div>\n\t\t\t<\/div>\n\t\t<\/div>\n\t\t\t\t<\/div>\n\t\t\t\t<\/div>\n\t\t\t\t\t<\/div>\n\t\t<\/div>\n\t\t\t\t\t<\/div>\n\t\t<\/section>\n\t\t\t\t<section class=\"elementor-section elementor-top-section elementor-element elementor-element-0a36aa5 elementor-section-full_width elementor-section-height-default elementor-section-height-default\" data-id=\"0a36aa5\" data-element_type=\"section\" data-settings=\"{&quot;background_background&quot;:&quot;classic&quot;}\">\n\t\t\t\t\t\t<div class=\"elementor-container elementor-column-gap-no\">\n\t\t\t\t\t<div class=\"elementor-column elementor-col-100 elementor-top-column elementor-element elementor-element-fb286cb\" data-id=\"fb286cb\" data-element_type=\"column\">\n\t\t\t<div class=\"elementor-widget-wrap\">\n\t\t\t\t\t\t\t<\/div>\n\t\t<\/div>\n\t\t\t\t\t<\/div>\n\t\t<\/section>\n\t\t\t\t<\/div>\n\t\t","protected":false},"excerpt":{"rendered":"Hakk\u0131m\u0131zda Tesisat Hizmetinde 15+ Y\u0131ldan Fazla Deneyim Akg\u00fcn Tesisat firmam\u0131z, profesyonel tesisat hizmetleriyle \u00f6ne \u00e7\u0131kan bir liderdir. Su, do\u011falgaz tesisat\u0131, ve \u0131s\u0131tma sistemlerinde uzman ekibimiz, tesisat ihtiya\u00e7lar\u0131n\u0131za h\u0131zl\u0131, g\u00fcvenilir ve etkili \u00e7\u00f6z\u00fcmler sunar. T\u0131kan\u0131kl\u0131k a\u00e7ma ve bak\u0131m konular\u0131nda deneyimli ekibimiz, sorunlar\u0131n\u0131za kal\u0131c\u0131 \u00e7\u00f6z\u00fcmler getirir. M\u00fc\u015fteri memnuniyeti odakl\u0131 \u00e7al\u0131\u015farak, g\u00fc\u00e7l\u00fc referanslar edindik. Teknolojiyi yak\u0131ndan takip eden ","protected":false},"author":1,"featured_media":0,"parent":0,"menu_order":0,"comment_status":"closed","ping_status":"closed","template":"elementor_header_footer","meta":{"footnotes":""},"class_list":["post-17","page","type-page","status-publish","hentry"],"_links":{"self":[{"href":"https:\/\/www.akguntesisat.tr\/index.php?rest_route=\/wp\/v2\/pages\/17","targetHints":{"allow":["GET"]}}],"collection":[{"href":"https:\/\/www.akguntesisat.tr\/index.php?rest_route=\/wp\/v2\/pages"}],"about":[{"href":"https:\/\/www.akguntesisat.tr\/index.php?rest_route=\/wp\/v2\/types\/page"}],"author":[{"embeddable":true,"href":"https:\/\/www.akguntesisat.tr\/index.php?rest_route=\/wp\/v2\/users\/1"}],"replies":[{"embeddable":true,"href":"https:\/\/www.akguntesisat.tr\/index.php?rest_route=%2Fwp%2Fv2%2Fcomments&post=17"}],"version-history":[{"count":32,"href":"https:\/\/www.akguntesisat.tr\/index.php?rest_route=\/wp\/v2\/pages\/17\/revisions"}],"predecessor-version":[{"id":958,"href":"https:\/\/www.akguntesisat.tr\/index.php?rest_route=\/wp\/v2\/pages\/17\/revisions\/958"}],"wp:attachment":[{"href":"https:\/\/www.akguntesisat.tr\/index.php?rest_route=%2Fwp%2Fv2%2Fmedia&parent=17"}],"curies":[{"name":"wp","href":"https:\/\/api.w.org\/{rel}","templated":true}]}}